{"id":27,"date":"2022-05-04T01:06:23","date_gmt":"2022-05-03T23:06:23","guid":{"rendered":"http:\/\/www.porusoftware.de\/?page_id=27"},"modified":"2022-05-12T11:57:14","modified_gmt":"2022-05-12T09:57:14","slug":"our-story","status":"publish","type":"page","link":"https:\/\/www.porusoftware.de\/?page_id=27","title":{"rendered":"Unsere Geschichte"},"content":{"rendered":"\t\t<div data-elementor-type=\"wp-page\" data-elementor-id=\"27\" class=\"elementor elementor-27\">\n\t\t\t\t\t\t\t\t\t<section class=\"elementor-section elementor-top-section elementor-element elementor-element-38ab3a08 elementor-section-full_width elementor-section-content-middle elementor-reverse-mobile elementor-section-height-min-height elementor-section-items-stretch elementor-section-height-default\" data-id=\"38ab3a08\" data-element_type=\"section\">\n\t\t\t\t\t\t<div class=\"elementor-container elementor-column-gap-no\">\n\t\t\t\t\t<div class=\"elementor-column elementor-col-50 elementor-top-column elementor-element elementor-element-6aaab7f5\" data-id=\"6aaab7f5\" data-element_type=\"column\" data-settings=\"{&quot;background_background&quot;:&quot;classic&quot;}\">\n\t\t\t<div class=\"elementor-widget-wrap elementor-element-populated\">\n\t\t\t\t\t\t\t\t<div class=\"elementor-element elementor-element-4ce127d7 elementor-widget elementor-widget-spacer\" data-id=\"4ce127d7\" data-element_type=\"widget\" data-widget_type=\"spacer.default\">\n\t\t\t\t<div class=\"elementor-widget-container\">\n\t\t\t<style>\/*! elementor - v3.6.5 - 27-04-2022 *\/\n.e-container.e-container--row .elementor-spacer-inner{width:var(--spacer-size)}.e-container.e-container--column .elementor-spacer-inner,.elementor-column .elementor-spacer-inner{height:var(--spacer-size)}<\/style>\t\t<div class=\"elementor-spacer\">\n\t\t\t<div class=\"elementor-spacer-inner\"><\/div>\n\t\t<\/div>\n\t\t\t\t<\/div>\n\t\t\t\t<\/div>\n\t\t\t\t\t<\/div>\n\t\t<\/div>\n\t\t\t\t<div class=\"elementor-column elementor-col-50 elementor-top-column elementor-element elementor-element-73cf2fcf\" data-id=\"73cf2fcf\" data-element_type=\"column\">\n\t\t\t<div class=\"elementor-widget-wrap elementor-element-populated\">\n\t\t\t\t\t\t\t\t<div class=\"elementor-element elementor-element-2e8edef3 elementor-widget elementor-widget-heading\" data-id=\"2e8edef3\" data-element_type=\"widget\" data-widget_type=\"heading.default\">\n\t\t\t\t<div class=\"elementor-widget-container\">\n\t\t\t<style>\/*! elementor - v3.6.5 - 27-04-2022 *\/\n.elementor-heading-title{padding:0;margin:0;line-height:1}.elementor-widget-heading .elementor-heading-title[class*=elementor-size-]>a{color:inherit;font-size:inherit;line-height:inherit}.elementor-widget-heading .elementor-heading-title.elementor-size-small{font-size:15px}.elementor-widget-heading .elementor-heading-title.elementor-size-medium{font-size:19px}.elementor-widget-heading .elementor-heading-title.elementor-size-large{font-size:29px}.elementor-widget-heading .elementor-heading-title.elementor-size-xl{font-size:39px}.elementor-widget-heading .elementor-heading-title.elementor-size-xxl{font-size:59px}<\/style><h6 class=\"elementor-heading-title elementor-size-default\">Entstanden aus dem Real-life<\/h6>\t\t<\/div>\n\t\t\t\t<\/div>\n\t\t\t\t<div class=\"elementor-element elementor-element-374eb28a elementor-invisible elementor-widget elementor-widget-heading\" data-id=\"374eb28a\" data-element_type=\"widget\" data-settings=\"{&quot;_animation&quot;:&quot;fadeIn&quot;}\" data-widget_type=\"heading.default\">\n\t\t\t\t<div class=\"elementor-widget-container\">\n\t\t\t<h2 class=\"elementor-heading-title elementor-size-default\">\u00dcber uns<\/h2>\t\t<\/div>\n\t\t\t\t<\/div>\n\t\t\t\t<div class=\"elementor-element elementor-element-4166578b elementor-invisible elementor-widget elementor-widget-text-editor\" data-id=\"4166578b\" data-element_type=\"widget\" data-settings=\"{&quot;_animation&quot;:&quot;fadeIn&quot;,&quot;_animation_delay&quot;:400}\" data-widget_type=\"text-editor.default\">\n\t\t\t\t<div class=\"elementor-widget-container\">\n\t\t\t<style>\/*! elementor - v3.6.5 - 27-04-2022 *\/\n.elementor-widget-text-editor.elementor-drop-cap-view-stacked .elementor-drop-cap{background-color:#818a91;color:#fff}.elementor-widget-text-editor.elementor-drop-cap-view-framed .elementor-drop-cap{color:#818a91;border:3px solid;background-color:transparent}.elementor-widget-text-editor:not(.elementor-drop-cap-view-default) .elementor-drop-cap{margin-top:8px}.elementor-widget-text-editor:not(.elementor-drop-cap-view-default) .elementor-drop-cap-letter{width:1em;height:1em}.elementor-widget-text-editor .elementor-drop-cap{float:left;text-align:center;line-height:1;font-size:50px}.elementor-widget-text-editor .elementor-drop-cap-letter{display:inline-block}<\/style>\t\t\t\t<p>Wir sind aktiv im Rettungsdienst t\u00e4tig, sei es als hauptamtliche Notfallsanit\u00e4ter oder nebenberufliche Rettungssanit\u00e4ter. Dies verschafft uns Einblick und eigene Erfahrung, welche Probleme im Rettungsdienstalltag auftreten und gel\u00f6st werden k\u00f6nnen. Nach einigen Feldversuchen haben wir uns entschlossen das ganze auf eigene F\u00fc\u00dfe zu stellen, wodurch wir nun in der Lage sind, unsere L\u00f6sungen nicht nur lokal, sondern jedem Interessenten anzubieten.<\/p><p>Unsere Entwicklungserfahrung haben wir in einer renommierten\u00a0 deutschen Softwarefirma f\u00fcr Einsatzleitstellensoftware gesammelt. Unsere Idee, die kleinen und gro\u00dfen Probleme in der Einsatzf\u00fchrung anzugehen, die nicht \u00fcber die integrierte Leitstelle abgedeckt werden, entstand zunehmend in Verbindung mit unserer aktiven T\u00e4tigkeit im Rettungsdienst, da keine gro\u00dfe Leitstellensoftware diese Nischen abdeckt.<\/p><p>Mit der Zeit haben wir unser Team um App-Entwickler und Systemadministratoren erweitert, sodass wir nun unsere L\u00f6sungen gesamtabdeckend anbieten k\u00f6nnen.<\/p>\t\t\t\t\t\t<\/div>\n\t\t\t\t<\/div>\n\t\t\t\t\t<\/div>\n\t\t<\/div>\n\t\t\t\t\t\t\t<\/div>\n\t\t<\/section>\n\t\t\t\t<section class=\"elementor-section elementor-top-section elementor-element elementor-element-5f68edd8 elementor-section-full_width elementor-section-content-middle elementor-section-height-min-height elementor-section-items-stretch elementor-section-height-default\" data-id=\"5f68edd8\" data-element_type=\"section\">\n\t\t\t\t\t\t<div class=\"elementor-container elementor-column-gap-no\">\n\t\t\t\t\t<div class=\"elementor-column elementor-col-25 elementor-top-column elementor-element elementor-element-458cf77f\" data-id=\"458cf77f\" data-element_type=\"column\">\n\t\t\t<div class=\"elementor-widget-wrap elementor-element-populated\">\n\t\t\t\t\t\t\t\t<div class=\"elementor-element elementor-element-4662ac50 elementor-widget elementor-widget-heading\" data-id=\"4662ac50\" data-element_type=\"widget\" data-widget_type=\"heading.default\">\n\t\t\t\t<div class=\"elementor-widget-container\">\n\t\t\t<h2 class=\"elementor-heading-title elementor-size-default\">Unsere Vision<\/h2>\t\t<\/div>\n\t\t\t\t<\/div>\n\t\t\t\t<div class=\"elementor-element elementor-element-797a3e8 elementor-widget elementor-widget-text-editor\" data-id=\"797a3e8\" data-element_type=\"widget\" data-widget_type=\"text-editor.default\">\n\t\t\t\t<div class=\"elementor-widget-container\">\n\t\t\t\t\t\t\t<ul><li>Einsatzleitung und Abwicklung vor Ort so einfach wie m\u00f6glich zu gestalten<\/li><li>den Informationsfluss zu erleichtern und zielgerichteter zu steuern<\/li><li>den Bereitschaften Sandienste \u00fcber eine M\u00f6glichkeit der digitalen Einsatzf\u00fchrung zu erleichtern<\/li><\/ul>\t\t\t\t\t\t<\/div>\n\t\t\t\t<\/div>\n\t\t\t\t\t<\/div>\n\t\t<\/div>\n\t\t\t\t<div class=\"elementor-column elementor-col-50 elementor-top-column elementor-element elementor-element-4ac66de8\" data-id=\"4ac66de8\" data-element_type=\"column\" data-settings=\"{&quot;background_background&quot;:&quot;classic&quot;}\">\n\t\t\t<div class=\"elementor-widget-wrap elementor-element-populated\">\n\t\t\t\t\t\t\t\t<div class=\"elementor-element elementor-element-3f91ce3f elementor-widget elementor-widget-image\" data-id=\"3f91ce3f\" data-element_type=\"widget\" data-widget_type=\"image.default\">\n\t\t\t\t<div class=\"elementor-widget-container\">\n\t\t\t<style>\/*! elementor - v3.6.5 - 27-04-2022 *\/\n.elementor-widget-image{text-align:center}.elementor-widget-image a{display:inline-block}.elementor-widget-image a img[src$=\".svg\"]{width:48px}.elementor-widget-image img{vertical-align:middle;display:inline-block}<\/style>\t\t\t\t\t\t\t\t\t\t\t\t<img loading=\"lazy\" decoding=\"async\" width=\"950\" height=\"634\" src=\"https:\/\/www.porusoftware.de\/wp-content\/uploads\/2022\/05\/AdobeStock_127254733_kl-1024x683.jpeg\" class=\"attachment-large size-large\" alt=\"\" srcset=\"https:\/\/www.porusoftware.de\/wp-content\/uploads\/2022\/05\/AdobeStock_127254733_kl-1024x683.jpeg 1024w, https:\/\/www.porusoftware.de\/wp-content\/uploads\/2022\/05\/AdobeStock_127254733_kl-300x200.jpeg 300w, https:\/\/www.porusoftware.de\/wp-content\/uploads\/2022\/05\/AdobeStock_127254733_kl-768x512.jpeg 768w, https:\/\/www.porusoftware.de\/wp-content\/uploads\/2022\/05\/AdobeStock_127254733_kl-1536x1024.jpeg 1536w, https:\/\/www.porusoftware.de\/wp-content\/uploads\/2022\/05\/AdobeStock_127254733_kl-2048x1365.jpeg 2048w, https:\/\/www.porusoftware.de\/wp-content\/uploads\/2022\/05\/AdobeStock_127254733_kl-2000x1333.jpeg 2000w, https:\/\/www.porusoftware.de\/wp-content\/uploads\/2022\/05\/AdobeStock_127254733_kl-600x400.jpeg 600w\" sizes=\"100vw\" \/>\t\t\t\t\t\t\t\t\t\t\t\t\t\t\t<\/div>\n\t\t\t\t<\/div>\n\t\t\t\t\t<\/div>\n\t\t<\/div>\n\t\t\t\t<div class=\"elementor-column elementor-col-25 elementor-top-column elementor-element elementor-element-1502a6c1\" data-id=\"1502a6c1\" data-element_type=\"column\" data-settings=\"{&quot;background_background&quot;:&quot;classic&quot;}\">\n\t\t\t<div class=\"elementor-widget-wrap elementor-element-populated\">\n\t\t\t\t\t\t\t\t<div class=\"elementor-element elementor-element-64aed2e elementor-widget elementor-widget-image\" data-id=\"64aed2e\" data-element_type=\"widget\" data-widget_type=\"image.default\">\n\t\t\t\t<div class=\"elementor-widget-container\">\n\t\t\t\t\t\t\t\t\t\t\t\t\t\t\t<img loading=\"lazy\" decoding=\"async\" width=\"950\" height=\"540\" src=\"https:\/\/www.porusoftware.de\/wp-content\/uploads\/2022\/05\/hosting3.jpg\" class=\"attachment-large size-large\" alt=\"\" srcset=\"https:\/\/www.porusoftware.de\/wp-content\/uploads\/2022\/05\/hosting3.jpg 1021w, https:\/\/www.porusoftware.de\/wp-content\/uploads\/2022\/05\/hosting3-300x170.jpg 300w, https:\/\/www.porusoftware.de\/wp-content\/uploads\/2022\/05\/hosting3-768x436.jpg 768w\" sizes=\"100vw\" \/>\t\t\t\t\t\t\t\t\t\t\t\t\t\t\t<\/div>\n\t\t\t\t<\/div>\n\t\t\t\t\t<\/div>\n\t\t<\/div>\n\t\t\t\t\t\t\t<\/div>\n\t\t<\/section>\n\t\t\t\t\t\t\t<\/div>\n\t\t","protected":false},"excerpt":{"rendered":"<p>Entstanden aus dem Real-life \u00dcber uns Wir sind aktiv im Rettungsdienst t\u00e4tig, sei es als hauptamtliche Notfallsanit\u00e4ter oder nebenberufliche Rettungssanit\u00e4ter. Dies verschafft uns Einblick und eigene Erfahrung, welche Probleme im Rettungsdienstalltag auftreten und gel\u00f6st werden k\u00f6nnen. Nach einigen Feldversuchen haben wir uns entschlossen das ganze auf eigene F\u00fc\u00dfe zu stellen, wodurch wir nun in der &hellip; <\/p>\n<p class=\"link-more\"><a href=\"https:\/\/www.porusoftware.de\/?page_id=27\" class=\"more-link\">Mehr <span class=\"screen-reader-text\">\u00fcber &#8222;Unsere Geschichte&#8220; <\/span>Lesen<\/a><\/p>\n","protected":false},"author":1,"featured_media":0,"parent":0,"menu_order":0,"comment_status":"closed","ping_status":"closed","template":"elementor_header_footer","meta":{"footnotes":""},"featured_media_urls":[],"_links":{"self":[{"href":"https:\/\/www.porusoftware.de\/index.php?rest_route=\/wp\/v2\/pages\/27"}],"collection":[{"href":"https:\/\/www.porusoftware.de\/index.php?rest_route=\/wp\/v2\/pages"}],"about":[{"href":"https:\/\/www.porusoftware.de\/index.php?rest_route=\/wp\/v2\/types\/page"}],"author":[{"embeddable":true,"href":"https:\/\/www.porusoftware.de\/index.php?rest_route=\/wp\/v2\/users\/1"}],"replies":[{"embeddable":true,"href":"https:\/\/www.porusoftware.de\/index.php?rest_route=%2Fwp%2Fv2%2Fcomments&post=27"}],"version-history":[{"count":7,"href":"https:\/\/www.porusoftware.de\/index.php?rest_route=\/wp\/v2\/pages\/27\/revisions"}],"predecessor-version":[{"id":121,"href":"https:\/\/www.porusoftware.de\/index.php?rest_route=\/wp\/v2\/pages\/27\/revisions\/121"}],"wp:attachment":[{"href":"https:\/\/www.porusoftware.de\/index.php?rest_route=%2Fwp%2Fv2%2Fmedia&parent=27"}],"curies":[{"name":"wp","href":"https:\/\/api.w.org\/{rel}","templated":true}]}}